{"id":1959,"date":"2019-07-29T14:22:46","date_gmt":"2019-07-29T14:22:46","guid":{"rendered":"https:\/\/badgeman.eu\/contact-offerte-aanvragen\/"},"modified":"2026-02-03T14:04:48","modified_gmt":"2026-02-03T14:04:48","slug":"contact-offerte-aanvragen","status":"publish","type":"page","link":"https:\/\/badgeman.eu\/nl\/contact-offerte-aanvragen\/","title":{"rendered":"Contact &#8211; Offerte aanvragen"},"content":{"rendered":"","protected":false},"excerpt":{"rendered":"<p> [&#8230;]<\/p>\n<p><a class=\"btn btn-secondary understrap-read-more-link\" href=\"https:\/\/badgeman.eu\/nl\/contact-offerte-aanvragen\/\">Lees verder\u2026<span class=\"screen-reader-text\"> from Contact &#8211; Offerte aanvragen<\/span><\/a><\/p>\n","protected":false},"author":1,"featured_media":0,"parent":0,"menu_order":0,"comment_status":"closed","ping_status":"closed","template":"contact.php","meta":{"_acf_changed":false,"footnotes":""},"class_list":["post-1959","page","type-page","status-publish","hentry"],"acf":[],"yoast_head":"<!-- This site is optimized with the Yoast SEO Premium plugin v25.8 (Yoast SEO v25.8) - https:\/\/yoast.com\/wordpress\/plugins\/seo\/ -->\n<title>Contactformulier | Producent van badges | Badgeman<\/title>\n<meta name=\"description\" content=\"Heb je graag meer info over onze badges en accessoires? Of wens je een vrijblijvende offerte aan te vragen? Neem contact op!\" \/>\n<meta name=\"robots\" content=\"index, follow, max-snippet:-1, max-image-preview:large, max-video-preview:-1\" \/>\n<link rel=\"canonical\" href=\"https:\/\/badgeman.eu\/nl\/contact-offerte-aanvragen\/\" \/>\n<meta property=\"og:locale\" content=\"nl_NL\" \/>\n<meta property=\"og:type\" content=\"article\" \/>\n<meta property=\"og:title\" content=\"Contact - Offerte aanvragen\" \/>\n<meta property=\"og:description\" content=\"Heb je graag meer info over onze badges en accessoires? Of wens je een vrijblijvende offerte aan te vragen? Neem contact op!\" \/>\n<meta property=\"og:url\" content=\"https:\/\/badgeman.eu\/nl\/contact-offerte-aanvragen\/\" \/>\n<meta property=\"og:site_name\" content=\"Badgeman\" \/>\n<meta property=\"article:modified_time\" content=\"2026-02-03T14:04:48+00:00\" \/>\n<meta name=\"twitter:card\" content=\"summary_large_image\" \/>\n<meta name=\"twitter:label1\" content=\"Geschatte leestijd\" \/>\n\t<meta name=\"twitter:data1\" content=\"1 minuut\" \/>\n<script type=\"application\/ld+json\" class=\"yoast-schema-graph\">{\"@context\":\"https:\/\/schema.org\",\"@graph\":[{\"@type\":\"WebPage\",\"@id\":\"https:\/\/badgeman.eu\/nl\/contact-offerte-aanvragen\/\",\"url\":\"https:\/\/badgeman.eu\/nl\/contact-offerte-aanvragen\/\",\"name\":\"Contactformulier | Producent van badges | Badgeman\",\"isPartOf\":{\"@id\":\"https:\/\/badgeman.eu\/nl\/#website\"},\"datePublished\":\"2019-07-29T14:22:46+00:00\",\"dateModified\":\"2026-02-03T14:04:48+00:00\",\"description\":\"Heb je graag meer info over onze badges en accessoires? Of wens je een vrijblijvende offerte aan te vragen? Neem contact op!\",\"breadcrumb\":{\"@id\":\"https:\/\/badgeman.eu\/nl\/contact-offerte-aanvragen\/#breadcrumb\"},\"inLanguage\":\"nl-NL\",\"potentialAction\":[{\"@type\":\"ReadAction\",\"target\":[\"https:\/\/badgeman.eu\/nl\/contact-offerte-aanvragen\/\"]}]},{\"@type\":\"BreadcrumbList\",\"@id\":\"https:\/\/badgeman.eu\/nl\/contact-offerte-aanvragen\/#breadcrumb\",\"itemListElement\":[{\"@type\":\"ListItem\",\"position\":1,\"name\":\"Accueil\",\"item\":\"https:\/\/badgeman.eu\/nl\/\"},{\"@type\":\"ListItem\",\"position\":2,\"name\":\"Contact &#8211; Offerte aanvragen\"}]},{\"@type\":\"WebSite\",\"@id\":\"https:\/\/badgeman.eu\/nl\/#website\",\"url\":\"https:\/\/badgeman.eu\/nl\/\",\"name\":\"Badgeman\",\"description\":\"Le sp\u00e9cialiste belge en badges, signalisation et documentation \u00e9v\u00e9nementielle\",\"publisher\":{\"@id\":\"https:\/\/badgeman.eu\/nl\/#organization\"},\"potentialAction\":[{\"@type\":\"SearchAction\",\"target\":{\"@type\":\"EntryPoint\",\"urlTemplate\":\"https:\/\/badgeman.eu\/nl\/?s={search_term_string}\"},\"query-input\":{\"@type\":\"PropertyValueSpecification\",\"valueRequired\":true,\"valueName\":\"search_term_string\"}}],\"inLanguage\":\"nl-NL\"},{\"@type\":\"Organization\",\"@id\":\"https:\/\/badgeman.eu\/nl\/#organization\",\"name\":\"Badgeman\",\"url\":\"https:\/\/badgeman.eu\/nl\/\",\"logo\":{\"@type\":\"ImageObject\",\"inLanguage\":\"nl-NL\",\"@id\":\"https:\/\/badgeman.eu\/nl\/#\/schema\/logo\/image\/\",\"url\":\"https:\/\/badgeman.eu\/wp-content\/uploads\/2019\/01\/logo_badgemanprinting-175x62px.svg\",\"contentUrl\":\"https:\/\/badgeman.eu\/wp-content\/uploads\/2019\/01\/logo_badgemanprinting-175x62px.svg\",\"caption\":\"Badgeman\"},\"image\":{\"@id\":\"https:\/\/badgeman.eu\/nl\/#\/schema\/logo\/image\/\"}}]}<\/script>\n<!-- \/ Yoast SEO Premium plugin. -->","yoast_head_json":{"title":"Contactformulier | Producent van badges | Badgeman","description":"Heb je graag meer info over onze badges en accessoires? Of wens je een vrijblijvende offerte aan te vragen? Neem contact op!","robots":{"index":"index","follow":"follow","max-snippet":"max-snippet:-1","max-image-preview":"max-image-preview:large","max-video-preview":"max-video-preview:-1"},"canonical":"https:\/\/badgeman.eu\/nl\/contact-offerte-aanvragen\/","og_locale":"nl_NL","og_type":"article","og_title":"Contact - Offerte aanvragen","og_description":"Heb je graag meer info over onze badges en accessoires? Of wens je een vrijblijvende offerte aan te vragen? Neem contact op!","og_url":"https:\/\/badgeman.eu\/nl\/contact-offerte-aanvragen\/","og_site_name":"Badgeman","article_modified_time":"2026-02-03T14:04:48+00:00","twitter_card":"summary_large_image","twitter_misc":{"Geschatte leestijd":"1 minuut"},"schema":{"@context":"https:\/\/schema.org","@graph":[{"@type":"WebPage","@id":"https:\/\/badgeman.eu\/nl\/contact-offerte-aanvragen\/","url":"https:\/\/badgeman.eu\/nl\/contact-offerte-aanvragen\/","name":"Contactformulier | Producent van badges | Badgeman","isPartOf":{"@id":"https:\/\/badgeman.eu\/nl\/#website"},"datePublished":"2019-07-29T14:22:46+00:00","dateModified":"2026-02-03T14:04:48+00:00","description":"Heb je graag meer info over onze badges en accessoires? Of wens je een vrijblijvende offerte aan te vragen? Neem contact op!","breadcrumb":{"@id":"https:\/\/badgeman.eu\/nl\/contact-offerte-aanvragen\/#breadcrumb"},"inLanguage":"nl-NL","potentialAction":[{"@type":"ReadAction","target":["https:\/\/badgeman.eu\/nl\/contact-offerte-aanvragen\/"]}]},{"@type":"BreadcrumbList","@id":"https:\/\/badgeman.eu\/nl\/contact-offerte-aanvragen\/#breadcrumb","itemListElement":[{"@type":"ListItem","position":1,"name":"Accueil","item":"https:\/\/badgeman.eu\/nl\/"},{"@type":"ListItem","position":2,"name":"Contact &#8211; Offerte aanvragen"}]},{"@type":"WebSite","@id":"https:\/\/badgeman.eu\/nl\/#website","url":"https:\/\/badgeman.eu\/nl\/","name":"Badgeman","description":"Le sp\u00e9cialiste belge en badges, signalisation et documentation \u00e9v\u00e9nementielle","publisher":{"@id":"https:\/\/badgeman.eu\/nl\/#organization"},"potentialAction":[{"@type":"SearchAction","target":{"@type":"EntryPoint","urlTemplate":"https:\/\/badgeman.eu\/nl\/?s={search_term_string}"},"query-input":{"@type":"PropertyValueSpecification","valueRequired":true,"valueName":"search_term_string"}}],"inLanguage":"nl-NL"},{"@type":"Organization","@id":"https:\/\/badgeman.eu\/nl\/#organization","name":"Badgeman","url":"https:\/\/badgeman.eu\/nl\/","logo":{"@type":"ImageObject","inLanguage":"nl-NL","@id":"https:\/\/badgeman.eu\/nl\/#\/schema\/logo\/image\/","url":"https:\/\/badgeman.eu\/wp-content\/uploads\/2019\/01\/logo_badgemanprinting-175x62px.svg","contentUrl":"https:\/\/badgeman.eu\/wp-content\/uploads\/2019\/01\/logo_badgemanprinting-175x62px.svg","caption":"Badgeman"},"image":{"@id":"https:\/\/badgeman.eu\/nl\/#\/schema\/logo\/image\/"}}]}},"_links":{"self":[{"href":"https:\/\/badgeman.eu\/nl\/wp-json\/wp\/v2\/pages\/1959","targetHints":{"allow":["GET"]}}],"collection":[{"href":"https:\/\/badgeman.eu\/nl\/wp-json\/wp\/v2\/pages"}],"about":[{"href":"https:\/\/badgeman.eu\/nl\/wp-json\/wp\/v2\/types\/page"}],"author":[{"embeddable":true,"href":"https:\/\/badgeman.eu\/nl\/wp-json\/wp\/v2\/users\/1"}],"replies":[{"embeddable":true,"href":"https:\/\/badgeman.eu\/nl\/wp-json\/wp\/v2\/comments?post=1959"}],"version-history":[{"count":13,"href":"https:\/\/badgeman.eu\/nl\/wp-json\/wp\/v2\/pages\/1959\/revisions"}],"predecessor-version":[{"id":6777,"href":"https:\/\/badgeman.eu\/nl\/wp-json\/wp\/v2\/pages\/1959\/revisions\/6777"}],"wp:attachment":[{"href":"https:\/\/badgeman.eu\/nl\/wp-json\/wp\/v2\/media?parent=1959"}],"curies":[{"name":"wp","href":"https:\/\/api.w.org\/{rel}","templated":true}]}}